{"id":43,"date":"2008-05-01T23:31:41","date_gmt":"2008-05-01T21:31:41","guid":{"rendered":"http:\/\/kathrin-tischner.de\/blog\/?page_id=43"},"modified":"2018-05-23T21:29:38","modified_gmt":"2018-05-23T19:29:38","slug":"impressum","status":"publish","type":"page","link":"https:\/\/kathrin-tischner.de\/blog\/impressum\/","title":{"rendered":"Impressum"},"content":{"rendered":"<p><strong>Dieses Weblog ist ein publizistisches Angebot von:<\/strong><\/p>\n<p>Kathrin Tischner<\/p>\n<p>Trondheimstra\u00dfe 10<br \/>\n64297 Darmstadt<br \/>\nmail \u00e4t kathrin minus tischner punkt de<\/p>\n<p><strong>Verantwortliche im Sinne von \u00a7 10 MDStV:<\/strong><\/p>\n<p>Kathrin Tischner<\/p>\n<p>Trondheimstra\u00dfe 10<br \/>\n64297 Darmstadt<br \/>\nmail \u00e4t kathrin minus tischner punkt de<\/p>\n<p>Die Inhalte dieses Weblogs stellen ausschlie\u00dflich die pers\u00f6nliche Meinung des jeweiligen Autors dar.<\/p>\n<p>Die Inhalte dieses Weblogs unterliegen dem Urheberrecht. Eine Verbreitung der Inhalte, die \u00fcber das gesetzlich Zul\u00e4ssige (z.B. Zitate) hinausgeht, bedarf der vorherigen Zustimmung. Dies gilt uneingeschr\u00e4nkt auch f\u00fcr die RSS-Feeds.<\/p>\n<p><strong>Verschl\u00fcsselte Kommunikation<\/strong><\/p>\n<p>Die bevorzugte Art und Weise, mich zu erreichen, ist eine mit <a href=\"http:\/\/de.wikipedia.org\/wiki\/OpenPGP\">OpenPGP<\/a> verschl\u00fcsselte Nachricht.<\/p>\n<p>Meine Key-ID ist 0x768BA92D, Fingerprint ist 5BAE 762F D45E 25F9 399D 6D03 665E F3B6 768B A92D. Die gr\u00f6\u00dferen Keyserver sollten meinen Schl\u00fcssel besitzen.<\/p>\n","protected":false},"excerpt":{"rendered":"<p>Dieses Weblog ist ein publizistisches Angebot von: Kathrin Tischner Trondheimstra\u00dfe 10 64297 Darmstadt mail \u00e4t kathrin minus tischner punkt de Verantwortliche im Sinne von \u00a7 10 MDStV: Kathrin Tischner Trondheimstra\u00dfe 10 64297 Darmstadt mail \u00e4t kathrin minus tischner punkt de Die Inhalte dieses Weblogs stellen ausschlie\u00dflich die pers\u00f6nliche Meinung des jeweiligen Autors dar. Die Inhalte [&hellip;]<\/p>\n","protected":false},"author":14,"featured_media":0,"parent":0,"menu_order":0,"comment_status":"open","ping_status":"open","template":"","meta":{"footnotes":""},"class_list":["post-43","page","type-page","status-publish","hentry"],"_links":{"self":[{"href":"https:\/\/kathrin-tischner.de\/blog\/wp-json\/wp\/v2\/pages\/43","targetHints":{"allow":["GET"]}}],"collection":[{"href":"https:\/\/kathrin-tischner.de\/blog\/wp-json\/wp\/v2\/pages"}],"about":[{"href":"https:\/\/kathrin-tischner.de\/blog\/wp-json\/wp\/v2\/types\/page"}],"author":[{"embeddable":true,"href":"https:\/\/kathrin-tischner.de\/blog\/wp-json\/wp\/v2\/users\/14"}],"replies":[{"embeddable":true,"href":"https:\/\/kathrin-tischner.de\/blog\/wp-json\/wp\/v2\/comments?post=43"}],"version-history":[{"count":3,"href":"https:\/\/kathrin-tischner.de\/blog\/wp-json\/wp\/v2\/pages\/43\/revisions"}],"predecessor-version":[{"id":2738,"href":"https:\/\/kathrin-tischner.de\/blog\/wp-json\/wp\/v2\/pages\/43\/revisions\/2738"}],"wp:attachment":[{"href":"https:\/\/kathrin-tischner.de\/blog\/wp-json\/wp\/v2\/media?parent=43"}],"curies":[{"name":"wp","href":"https:\/\/api.w.org\/{rel}","templated":true}]}}